{"id":2176,"date":"2025-04-10T12:45:03","date_gmt":"2025-04-10T12:45:03","guid":{"rendered":"https:\/\/zurich.diamondleague.com\/?page_id=2176"},"modified":"2025-04-10T12:56:41","modified_gmt":"2025-04-10T12:56:41","slug":"impressum","status":"publish","type":"page","link":"https:\/\/zurich.diamondleague.com\/en\/impressum\/","title":{"rendered":"Impressum"},"content":{"rendered":"\n<p><strong><strong>Owner of the website<\/strong>\u00a0<a href=\"https:\/\/www.diamondleague.com\/\" target=\"_blank\" rel=\"noreferrer noopener\">diamondleague.com<\/a><\/strong><\/p>\n\n\n\n<p>Diamond League AG<br>Sumpfstrasse 5<br>PO Box 224<br>6312 Steinhausen, Schweiz<\/p>\n\n\n\n<p><strong><strong>Responsible for the contents on the subdomain<\/strong>\u00a0<a href=\"https:\/\/zurich.diamondleague.com\/\" target=\"_blank\" rel=\"noreferrer noopener\">zurich.wdl.swisstiming<\/a><\/strong><\/p>\n\n\n\n<p>Weltklasse Z\u00fcrich<br>(Tr\u00e4gerverein: Verein f\u00fcr Grossveranstaltungen des LCZ)<br>Baslerstrasse 30<br>8048 Z\u00fcrich, Schweiz<br><a href=\"linkTo_UnCryptMailto(%27nbjmup%2BpggjdfAxfmulmbttfavfsjdi%5C%2Fdi%27);\">office@weltklassezuerich.ch<\/a><\/p>\n\n\n\n<p><\/p>\n\n\n\n<p><a href=\"https:\/\/www.weltklassezuerich.ch\/de\/ueber-uns\/impressum\/datenschutz\/\" target=\"_blank\" rel=\"noopener\">Data privacy<\/a><br><a href=\"https:\/\/www.weltklassezuerich.ch\/en\/about-us\/impressum\/general-terms-and-conditions\/\" target=\"_blank\" rel=\"noopener\">General Terms and Conditions<\/a><\/p>\n\n\n\n<p><\/p>\n","protected":false},"excerpt":{"rendered":"<p>Owner of the website\u00a0diamondleague.com Diamond League AGSumpfstrasse 5PO Box 2246312...","protected":false},"author":90,"featured_media":0,"parent":0,"menu_order":0,"comment_status":"closed","ping_status":"closed","template":"","meta":{"_acf_changed":false,"footnotes":""},"city":[],"class_list":["post-2176","page","type-page","status-publish","hentry"],"acf":[],"_links":{"self":[{"href":"https:\/\/zurich.diamondleague.com\/en\/wp-json\/wp\/v2\/pages\/2176","targetHints":{"allow":["GET"]}}],"collection":[{"href":"https:\/\/zurich.diamondleague.com\/en\/wp-json\/wp\/v2\/pages"}],"about":[{"href":"https:\/\/zurich.diamondleague.com\/en\/wp-json\/wp\/v2\/types\/page"}],"author":[{"embeddable":true,"href":"https:\/\/zurich.diamondleague.com\/en\/wp-json\/wp\/v2\/users\/90"}],"replies":[{"embeddable":true,"href":"https:\/\/zurich.diamondleague.com\/en\/wp-json\/wp\/v2\/comments?post=2176"}],"version-history":[{"count":2,"href":"https:\/\/zurich.diamondleague.com\/en\/wp-json\/wp\/v2\/pages\/2176\/revisions"}],"predecessor-version":[{"id":2181,"href":"https:\/\/zurich.diamondleague.com\/en\/wp-json\/wp\/v2\/pages\/2176\/revisions\/2181"}],"wp:attachment":[{"href":"https:\/\/zurich.diamondleague.com\/en\/wp-json\/wp\/v2\/media?parent=2176"}],"wp:term":[{"taxonomy":"city","embeddable":true,"href":"https:\/\/zurich.diamondleague.com\/en\/wp-json\/wp\/v2\/city?post=2176"}],"curies":[{"name":"wp","href":"https:\/\/api.w.org\/{rel}","templated":true}]}}